{"id":13,"date":"2018-09-18T14:10:00","date_gmt":"2018-09-18T14:10:00","guid":{"rendered":"http:\/\/kjdv.de\/?page_id=13"},"modified":"2018-10-03T09:07:24","modified_gmt":"2018-10-03T09:07:24","slug":"profil","status":"publish","type":"page","link":"https:\/\/kjdv.de\/?page_id=13","title":{"rendered":"Profil"},"content":{"rendered":"<table width=\"100%\">\n<tbody>\n<tr>\n<td width=\"100%\"><strong><strong>DV &#8211; System- und Organisationsberatung<br \/>\nf\u00fcr Handwerk, Handel, Industrie und Verwaltung<\/strong><\/strong><\/p>\n<ul>\n<li>PC-Erfahrung seit 1985<\/li>\n<li>Netzwerke seit 1990<\/li>\n<li>Konzepte auf der Basis des wirtschaftlich sinnvollen,<br \/>\nnicht des technisch machbaren.<\/li>\n<li>Bei mir erhalten Sie Produkt- und Serviceleistungen<br \/>\nim Bereich der Informations-Technologie.<\/li>\n<li>Service f\u00fcr DATEV <sup>\u00ae<\/sup> &#8211; Software<\/li>\n<li>Service f\u00fcr <em><em>Handwerkersoftware<\/em><\/em><\/li>\n<li>Profitieren Sie von meinen Dienstleistungen in Ihrem Hause, bei der<br \/>\nBeratung und Planung Ihrer Hardware- und Softwarebeschaffungen,<br \/>\nsowie der Administration Ihrer DV-Systeme.<\/li>\n<li>Ich installiere, weise ein, repariere im Bedarfsfall<br \/>\nund stehe bei Fragen zur Verf\u00fcgung.<\/li>\n<li>Netzwerke<br \/>\nIch installiere Produkte im LAN &#8211; Bereich Server (mit Microsoft<sup>\u00ae<\/sup>-Betriebssystemen), Print-Server, Router, Hubs \/ Switches, WLAN<br \/>\nund Drucker und Zubeh\u00f6r.<\/li>\n<li><span class=\"st\">VoIP-Telefonanlage<\/span>n<\/li>\n<li>Ich bin gepr\u00fcfter <span class=\"st\"><span class=\"st\"><span class=\"st\"><span class=\"st\"><span class=\"st\">Sipgate-Partner <\/span><\/span><\/span><\/span><\/span>und berate Sie gern zu<br \/>\n<a href=\"https:\/\/www.sipgateteam.de\/partner\/1620651800\" target=\"_blank\" rel=\"noopener\"><strong>sipgate team<\/strong><\/a>, der innovativen und preisg\u00fcnstigen<br \/>\nTelefonanlage in der Cloud.<\/li>\n<\/ul>\n<p><a href=\"https:\/\/www.sipgateteam.de\/partner\/1620651800\" target=\"_blank\" rel=\"noopener\"><img loading=\"lazy\" class=\"alignnone wp-image-44 size-thumbnail\" src=\"http:\/\/kjdv.de\/wp-content\/uploads\/2018\/09\/sipgate-partner-siegel-150x150.png\" alt=\"\" width=\"150\" height=\"150\" \/><\/a><\/p>\n<ul>\n<li>VPN-Verbindungen, sicherer Fernzugriff von mobilen Ger\u00e4ten auf Ihr Firmennetzwerk und Einbindung von Home-Office-Arbeitspl\u00e4tzen.<\/li>\n<li>IP-Kamera\u00fcberwachung, Fernsteuerung von Ger\u00e4ten und \u00dcberwachung von z.B. Ferienwohnungen und H\u00e4usern \u00fcber Internet<\/li>\n<li>DV &#8211; Arbeitspl\u00e4tze<br \/>\nSie erhalten bei mir die passenden Arbeitsplatz-PC nebst Zubeh\u00f6r.<br \/>\nIch liefere an und baue auf. Auf Wunsch erhalten Sie eine Einweisung.<\/li>\n<li>Reparaturen: Bei Bedarf repariere ich Ihre Ger\u00e4te m\u00f6glichst vor Ort.<\/li>\n<li>Arbeitszeit auch abends oder am Wochenende ohne Zuschlag.<\/li>\n<\/ul>\n<\/td>\n<\/tr>\n<\/tbody>\n<\/table>\n<p>&nbsp;<\/p>\n","protected":false},"excerpt":{"rendered":"<p>DV &#8211; System- und Organisationsberatung f\u00fcr Handwerk, Handel, Industrie und Verwaltung PC-Erfahrung seit 1985 Netzwerke seit 1990 Konzepte auf der Basis des wirtschaftlich sinnvollen, nicht des technisch machbaren. Bei mir erhalten Sie Produkt- und Serviceleistungen im Bereich der Informations-Technologie. Service f\u00fcr DATEV \u00ae &#8211; Software Service f\u00fcr Handwerkersoftware Profitieren Sie von meinen Dienstleistungen in Ihrem &hellip; <\/p>\n<p class=\"link-more\"><a href=\"https:\/\/kjdv.de\/?page_id=13\" class=\"more-link\"><span class=\"screen-reader-text\">\u201eProfil\u201c<\/span> weiterlesen<\/a><\/p>\n","protected":false},"author":1,"featured_media":0,"parent":0,"menu_order":2,"comment_status":"closed","ping_status":"closed","template":"","meta":[],"_links":{"self":[{"href":"https:\/\/kjdv.de\/index.php?rest_route=\/wp\/v2\/pages\/13"}],"collection":[{"href":"https:\/\/kjdv.de\/index.php?rest_route=\/wp\/v2\/pages"}],"about":[{"href":"https:\/\/kjdv.de\/index.php?rest_route=\/wp\/v2\/types\/page"}],"author":[{"embeddable":true,"href":"https:\/\/kjdv.de\/index.php?rest_route=\/wp\/v2\/users\/1"}],"replies":[{"embeddable":true,"href":"https:\/\/kjdv.de\/index.php?rest_route=%2Fwp%2Fv2%2Fcomments&post=13"}],"version-history":[{"count":23,"href":"https:\/\/kjdv.de\/index.php?rest_route=\/wp\/v2\/pages\/13\/revisions"}],"predecessor-version":[{"id":120,"href":"https:\/\/kjdv.de\/index.php?rest_route=\/wp\/v2\/pages\/13\/revisions\/120"}],"wp:attachment":[{"href":"https:\/\/kjdv.de\/index.php?rest_route=%2Fwp%2Fv2%2Fmedia&parent=13"}],"curies":[{"name":"wp","href":"https:\/\/api.w.org\/{rel}","templated":true}]}}