{"id":15,"date":"2018-09-18T14:09:15","date_gmt":"2018-09-18T14:09:15","guid":{"rendered":"http:\/\/kjdv.de\/?page_id=15"},"modified":"2021-01-26T14:27:30","modified_gmt":"2021-01-26T14:27:30","slug":"kontakt","status":"publish","type":"page","link":"https:\/\/kjdv.de\/?page_id=15","title":{"rendered":"Kontakt"},"content":{"rendered":"<p>Ich bin f\u00fcr Sie da!<\/p>\n<p>Wenn Sie Fragen oder Probleme haben, k\u00f6nnen Sie nat\u00fcrlich<br \/>\u00fcber meine Service-Hotline jederzeit mit mir in Kontakt treten.<br \/>Ich helfe Ihnen gerne weiter.<\/p>\n<p>Telefon: 04152 &#8211; 93 499 15<br \/>Mobil: 0151-27 53 46 51<\/p>\n<p>\u00dcber ein Feedback freue ich mich ebenso.<br \/>Kritik und Anregungen zu meinen Internet-Seiten ist jederzeit willkommen.<\/p>\n<p>E-Mail: <u><a href=\"mailto:info@kay-jacobsen.de\">info@kay-jacobsen.de<\/a><\/u><\/p>\n<p>Ich freue mich darauf, von Ihnen zu h\u00f6ren<\/p>\n\n\n<p><\/p>\n","protected":false},"excerpt":{"rendered":"<p>Ich bin f\u00fcr Sie da! Wenn Sie Fragen oder Probleme haben, k\u00f6nnen Sie nat\u00fcrlich\u00fcber meine Service-Hotline jederzeit mit mir in Kontakt treten.Ich helfe Ihnen gerne weiter. Telefon: 04152 &#8211; 93 499 15Mobil: 0151-27 53 46 51 \u00dcber ein Feedback freue ich mich ebenso.Kritik und Anregungen zu meinen Internet-Seiten ist jederzeit willkommen. E-Mail: info@kay-jacobsen.de Ich freue &hellip; <\/p>\n<p class=\"link-more\"><a href=\"https:\/\/kjdv.de\/?page_id=15\" class=\"more-link\"><span class=\"screen-reader-text\">\u201eKontakt\u201c<\/span> weiterlesen<\/a><\/p>\n","protected":false},"author":1,"featured_media":0,"parent":0,"menu_order":3,"comment_status":"closed","ping_status":"closed","template":"","meta":[],"_links":{"self":[{"href":"https:\/\/kjdv.de\/index.php?rest_route=\/wp\/v2\/pages\/15"}],"collection":[{"href":"https:\/\/kjdv.de\/index.php?rest_route=\/wp\/v2\/pages"}],"about":[{"href":"https:\/\/kjdv.de\/index.php?rest_route=\/wp\/v2\/types\/page"}],"author":[{"embeddable":true,"href":"https:\/\/kjdv.de\/index.php?rest_route=\/wp\/v2\/users\/1"}],"replies":[{"embeddable":true,"href":"https:\/\/kjdv.de\/index.php?rest_route=%2Fwp%2Fv2%2Fcomments&post=15"}],"version-history":[{"count":4,"href":"https:\/\/kjdv.de\/index.php?rest_route=\/wp\/v2\/pages\/15\/revisions"}],"predecessor-version":[{"id":148,"href":"https:\/\/kjdv.de\/index.php?rest_route=\/wp\/v2\/pages\/15\/revisions\/148"}],"wp:attachment":[{"href":"https:\/\/kjdv.de\/index.php?rest_route=%2Fwp%2Fv2%2Fmedia&parent=15"}],"curies":[{"name":"wp","href":"https:\/\/api.w.org\/{rel}","templated":true}]}}