{"id":9,"date":"2018-09-18T14:04:03","date_gmt":"2018-09-18T14:04:03","guid":{"rendered":"http:\/\/kjdv.de\/?page_id=9"},"modified":"2021-05-24T12:00:55","modified_gmt":"2021-05-24T12:00:55","slug":"home","status":"publish","type":"page","link":"https:\/\/kjdv.de\/","title":{"rendered":"Home"},"content":{"rendered":"<p><strong>Willkommen auf den Internet-Seiten <\/strong><strong>der Firma<br \/>\nKay Jacobsen DV-L\u00f6sungen aus Geesthacht!<\/strong><\/p>\n<p>Suchen Sie nach DV-L\u00f6sungen f\u00fcr Ihr Unternehmen?<\/p>\n<p>Ich biete Ihnen das komplette Dienstleistungsangebot<br \/>\nrund um die betriebliche elektronische Datenverarbeitung.<\/p>\n<p>F\u00fcr individuelle Probleme erstelle ich individuelle L\u00f6sungen!<\/p>\n<p>Mein Angebot erstreckt sich von der Beratung zu<br \/>\nHard- und Softwarekomponenten \u00fcber die konkrete Planung<br \/>\nund Realisierung des betrieblichen Informationswesens.<\/p>\n<p>Verkauf, Installation, Wartung und Betreuung von<br \/>\nHard- und Software sowie die Schulung Ihrer Mitarbeiter<br \/>\nrunden mein Dienstleistungsspektrum ab.<\/p>\n<p>Nehmen Sie mit mir Kontakt auf!<br \/>\nIch erstelle Ihnen gerne ein individuelles Angebot.<\/p>\n<p><strong>Kay Jacobsen DV-L\u00f6sungen<br \/>\nElbstieg 1<br \/>\n21502 Geesthacht <\/strong><\/p>\n<p><strong>Mail:\u00a0 <a href=\"mailto:info@kay-jacobsen.de\">info@kay-jacobsen.de<\/a><\/strong><\/p>\n<p><strong>Telefon: 04152 &#8211; 93 499 15<\/strong><br \/>\n<strong>Mobil: 0151 &#8211; 27 53 46 51<\/strong><\/p>\n","protected":false},"excerpt":{"rendered":"<p>Willkommen auf den Internet-Seiten der Firma Kay Jacobsen DV-L\u00f6sungen aus Geesthacht! Suchen Sie nach DV-L\u00f6sungen f\u00fcr Ihr Unternehmen? Ich biete Ihnen das komplette Dienstleistungsangebot rund um die betriebliche elektronische Datenverarbeitung. F\u00fcr individuelle Probleme erstelle ich individuelle L\u00f6sungen! Mein Angebot erstreckt sich von der Beratung zu Hard- und Softwarekomponenten \u00fcber die konkrete Planung und Realisierung des &hellip; <\/p>\n<p class=\"link-more\"><a href=\"https:\/\/kjdv.de\/\" class=\"more-link\"><span class=\"screen-reader-text\">\u201eHome\u201c<\/span> weiterlesen<\/a><\/p>\n","protected":false},"author":1,"featured_media":0,"parent":0,"menu_order":1,"comment_status":"closed","ping_status":"closed","template":"","meta":[],"_links":{"self":[{"href":"https:\/\/kjdv.de\/index.php?rest_route=\/wp\/v2\/pages\/9"}],"collection":[{"href":"https:\/\/kjdv.de\/index.php?rest_route=\/wp\/v2\/pages"}],"about":[{"href":"https:\/\/kjdv.de\/index.php?rest_route=\/wp\/v2\/types\/page"}],"author":[{"embeddable":true,"href":"https:\/\/kjdv.de\/index.php?rest_route=\/wp\/v2\/users\/1"}],"replies":[{"embeddable":true,"href":"https:\/\/kjdv.de\/index.php?rest_route=%2Fwp%2Fv2%2Fcomments&post=9"}],"version-history":[{"count":6,"href":"https:\/\/kjdv.de\/index.php?rest_route=\/wp\/v2\/pages\/9\/revisions"}],"predecessor-version":[{"id":152,"href":"https:\/\/kjdv.de\/index.php?rest_route=\/wp\/v2\/pages\/9\/revisions\/152"}],"wp:attachment":[{"href":"https:\/\/kjdv.de\/index.php?rest_route=%2Fwp%2Fv2%2Fmedia&parent=9"}],"curies":[{"name":"wp","href":"https:\/\/api.w.org\/{rel}","templated":true}]}}